{"id":92,"date":"2018-01-06T15:04:03","date_gmt":"2018-01-06T14:04:03","guid":{"rendered":"http:\/\/www.etocs.de\/?page_id=92"},"modified":"2018-01-07T03:48:43","modified_gmt":"2018-01-07T02:48:43","slug":"impressum","status":"publish","type":"page","link":"https:\/\/www.etocs.de\/index.php\/impressum\/","title":{"rendered":"Impressum"},"content":{"rendered":"<p class=\"bodytext\"><strong>Herausgeber:<\/strong><br \/>\nUniversit\u00e4t Rostock<br \/>\nInstitut f\u00fcr Informatik<br \/>\n18051 Rostock<br \/>\nTelefon: +49 (0) 381 498 7505, Telefax: +49 (0) 381 498 -108 7505<br \/>\nE-Mail:\u00a0<a class=\"email\">thomas.mundt(at)uni-rostock(dot)de<\/a><\/p>\n<p class=\"bodytext\">Die Universit\u00e4t Rostock ist eine K\u00f6rperschaft des \u00f6ffentlichen Rechts.<br \/>\nSie wird gesetzlich vertreten durch den Rektor:<br \/>\nProf. Dr. Wolfgang Schareck<br \/>\nUniversit\u00e4tsplatz 1<br \/>\n18055 Rostock<br \/>\nTelefon: +49 (0) 381 498 -1000, Telefax: +49 (0) 381 498 -1006<br \/>\nE-Mail:\u00a0<a class=\"email\">rektor(at)uni-rostock(dot)de<\/a><\/p>\n<p class=\"bodytext\">Umsatzsteuer-Identifikationsnummer gem\u00e4\u00df \u00a7 27 a Umsatzsteuergesetz: DE 137385436.<\/p>\n<p class=\"bodytext\"><strong>Zust\u00e4ndige Aufsichtsbeh\u00f6rde:<\/strong><br \/>\nMinisterium f\u00fcr Bildung, Wissenschaft und Kultur des Landes Mecklenburg-Vorpommern<br \/>\nWerderstra\u00dfe 124<br \/>\n19055 Schwerin<br \/>\nE-Mail:\u00a0<a>poststelle(at)bm.mv-regierung(dot)de<\/a><br \/>\nInternet:\u00a0<a href=\"http:\/\/www.bm.regierung-mv.de\/\" target=\"_blank\" rel=\"noopener\">www.bm.regierung-mv.de<\/a><\/p>\n<p class=\"bodytext\">Das Webangebot der Universit\u00e4t Rostock setzt sich aus vielen verschiedenen Quellen zusammen.<\/p>\n<p class=\"bodytext\">Die einzelnen Einrichtungen, Fakult\u00e4ten, Fachbereiche und Institute der Universit\u00e4t sind f\u00fcr die Erstellung und Pflege ihrer Webseiten zust\u00e4ndig. Die Leiter der Einrichtungen sind\u00a0f\u00fcr die jeweiligen Inhalte verantwortlich. Falls Sie Fragen zu einem dieser Internetangebote haben, wenden Sie sich bitte an den zust\u00e4ndigen Autor.<\/p>\n<p class=\"bodytext\"><strong>Haftungsausschluss<\/strong><\/p>\n<p class=\"bodytext\">Trotz intensiver und sorgf\u00e4ltiger Kontrolle haftet die Universit\u00e4t Rostock nicht f\u00fcr Richtigkeit, Aktualit\u00e4t und Vollst\u00e4ndigkeit ihrer Webseiten. Die Universit\u00e4t Rostock weist ausdr\u00fccklich darauf hin, dass die Inhalte s\u00e4mtlicher Webseiten, die \u00fcber externe Links auf der Webseite der Universit\u00e4t Rostock erreichbar sind, ausschlie\u00dflich von den Betreibern dieser Webseiten verantwortet werden. Jegliche Haftung f\u00fcr die Inhalte entsprechend verlinkter Seiten ist f\u00fcr die Universit\u00e4t Rostock damit ausgeschlossen.<\/p>\n<p class=\"bodytext\"><strong>Urheberrechte<\/strong><\/p>\n<p class=\"bodytext\">S\u00e4mtliche Urheberrechte an Texten, Bildern, Tabellen und grafischen Darstellungen, die auf den Webseiten der Universit\u00e4t \u00f6ffentlich gemacht werden, liegen\u00a0 &#8211; soweit nicht anders kenntlich gemacht &#8211; bei der Universit\u00e4t Rostock. Jegliche, auch auszugsweise Verwendung und Verbreitung in jedweder medialen Form bedarf der ausdr\u00fccklichen schriftlichen Genehmigung durch die\u00a0Universit\u00e4t Rostock.<\/p>\n","protected":false},"excerpt":{"rendered":"<p>Herausgeber: Universit\u00e4t Rostock Institut f\u00fcr Informatik 18051 Rostock Telefon: +49 (0) 381 498 7505, Telefax: +49 (0) 381 498 -108 7505 E-Mail:\u00a0thomas.mundt(at)uni-rostock(dot)de Die Universit\u00e4t Rostock ist eine K\u00f6rperschaft des \u00f6ffentlichen Rechts. Sie wird gesetzlich vertreten durch den Rektor: Prof. Dr. Wolfgang Schareck Universit\u00e4tsplatz 1 18055 Rostock Telefon: +49 (0) 381 498 -1000, Telefax: +49 (0) [&hellip;]<\/p>\n","protected":false},"author":2,"featured_media":0,"parent":0,"menu_order":0,"comment_status":"closed","ping_status":"closed","template":"","meta":{"_bbp_topic_count":0,"_bbp_reply_count":0,"_bbp_total_topic_count":0,"_bbp_total_reply_count":0,"_bbp_voice_count":0,"_bbp_anonymous_reply_count":0,"_bbp_topic_count_hidden":0,"_bbp_reply_count_hidden":0,"_bbp_forum_subforum_count":0},"_links":{"self":[{"href":"https:\/\/www.etocs.de\/index.php\/wp-json\/wp\/v2\/pages\/92"}],"collection":[{"href":"https:\/\/www.etocs.de\/index.php\/wp-json\/wp\/v2\/pages"}],"about":[{"href":"https:\/\/www.etocs.de\/index.php\/wp-json\/wp\/v2\/types\/page"}],"author":[{"embeddable":true,"href":"https:\/\/www.etocs.de\/index.php\/wp-json\/wp\/v2\/users\/2"}],"replies":[{"embeddable":true,"href":"https:\/\/www.etocs.de\/index.php\/wp-json\/wp\/v2\/comments?post=92"}],"version-history":[{"count":4,"href":"https:\/\/www.etocs.de\/index.php\/wp-json\/wp\/v2\/pages\/92\/revisions"}],"predecessor-version":[{"id":99,"href":"https:\/\/www.etocs.de\/index.php\/wp-json\/wp\/v2\/pages\/92\/revisions\/99"}],"wp:attachment":[{"href":"https:\/\/www.etocs.de\/index.php\/wp-json\/wp\/v2\/media?parent=92"}],"curies":[{"name":"wp","href":"https:\/\/api.w.org\/{rel}","templated":true}]}}